{"id":1122,"date":"2022-10-30T20:44:48","date_gmt":"2022-10-30T19:44:48","guid":{"rendered":"https:\/\/aah.co.nl\/?page_id=1122"},"modified":"2025-07-06T11:07:53","modified_gmt":"2025-07-06T10:07:53","slug":"llamazares","status":"publish","type":"page","link":"https:\/\/aah.co.nl\/?page_id=1122","title":{"rendered":"LLAMAZARES"},"content":{"rendered":"\n<figure class=\"wp-block-image size-full is-resized\"><a href=\"https:\/\/aah.co.nl\/wp-content\/uploads\/2024\/03\/Vergetelheid-titelpagina-scaled.jpg\"><img loading=\"lazy\" decoding=\"async\" width=\"1610\" height=\"2560\" src=\"https:\/\/aah.co.nl\/wp-content\/uploads\/2024\/03\/Vergetelheid-titelpagina-scaled.jpg\" alt=\"\" class=\"wp-image-1470\" style=\"width:502px;height:auto\" srcset=\"https:\/\/aah.co.nl\/wp-content\/uploads\/2024\/03\/Vergetelheid-titelpagina-scaled.jpg 1610w, https:\/\/aah.co.nl\/wp-content\/uploads\/2024\/03\/Vergetelheid-titelpagina-189x300.jpg 189w, https:\/\/aah.co.nl\/wp-content\/uploads\/2024\/03\/Vergetelheid-titelpagina-644x1024.jpg 644w, https:\/\/aah.co.nl\/wp-content\/uploads\/2024\/03\/Vergetelheid-titelpagina-768x1222.jpg 768w, https:\/\/aah.co.nl\/wp-content\/uploads\/2024\/03\/Vergetelheid-titelpagina-966x1536.jpg 966w, https:\/\/aah.co.nl\/wp-content\/uploads\/2024\/03\/Vergetelheid-titelpagina-1288x2048.jpg 1288w\" sizes=\"auto, (max-width: 1610px) 100vw, 1610px\" \/><\/a><\/figure>\n\n\n\n<div class=\"wp-block-group is-vertical is-layout-flex wp-container-core-group-is-layout-8cf370e7 wp-block-group-is-layout-flex\">\n<p><strong>Julio Llamazares &#8211; <em>De rivier der vergetelheid<\/em><\/strong><\/p>\n\n\n\n<p>Spaanse titel <em>El R\u00edo del olvido<\/em>, 1990, vertaling Keimpe Reitsma 2024. Met proloog van de schrijver 2024. ISBN 978-90-820059-7-4, 224 pagina&#8217;s, \u20ac 22,50<\/p>\n<\/div>\n\n\n\n<p><strong>BESPREKINGEN<\/strong><\/p>\n\n\n\n<p><\/p>\n\n\n\n<p>Interview met Julio Llamazares door Aafke Jochems in Espanje!, oktober 2024 nummer<\/p>\n\n\n\n<figure class=\"wp-block-image size-large\"><a href=\"https:\/\/aah.co.nl\/wp-content\/uploads\/2024\/11\/tempFileForShare_20241124-111749-002.jpg\"><img loading=\"lazy\" decoding=\"async\" width=\"741\" height=\"1024\" src=\"https:\/\/aah.co.nl\/wp-content\/uploads\/2024\/11\/tempFileForShare_20241124-111749-002-741x1024.jpg\" alt=\"\" class=\"wp-image-1542\" srcset=\"https:\/\/aah.co.nl\/wp-content\/uploads\/2024\/11\/tempFileForShare_20241124-111749-002-741x1024.jpg 741w, https:\/\/aah.co.nl\/wp-content\/uploads\/2024\/11\/tempFileForShare_20241124-111749-002-217x300.jpg 217w, https:\/\/aah.co.nl\/wp-content\/uploads\/2024\/11\/tempFileForShare_20241124-111749-002-768x1062.jpg 768w, https:\/\/aah.co.nl\/wp-content\/uploads\/2024\/11\/tempFileForShare_20241124-111749-002.jpg 1056w\" sizes=\"auto, (max-width: 741px) 100vw, 741px\" \/><\/a><\/figure>\n\n\n\n<p><a href=\"https:\/\/www.tzum.info\/2024\/08\/recensie-julio-llamazares-de-rivier-der-vergetelheid\/\">Tzum, Daan Pieters<\/a>, recensie 10 augustus 2024:<\/p>\n\n\n\n<h1 class=\"wp-block-heading\"><a href=\"https:\/\/www.tzum.info\/2024\/08\/recensie-julio-llamazares-de-rivier-der-vergetelheid\/\">Recensie: Julio Llamazares \u2013&nbsp;<em>De rivier der vergetelheid<\/em><\/a><\/h1>\n\n\n\n<figure class=\"wp-block-image\"><img decoding=\"async\" src=\"https:\/\/www.tzum.info\/wp-content\/uploads\/2024\/08\/Vergetelheid-Julio-Llamazares.jpg?x43626\" alt=\"\"\/><\/figure>\n\n\n\n<p><a href=\"https:\/\/www.tzum.info\/wp-content\/uploads\/2024\/08\/Vergetelheid-Julio-Llamazares.jpg?x43626\"><\/a><\/p>\n\n\n\n<p><strong>Het vergeten Spanje<\/strong><\/p>\n\n\n\n<p>Vegami\u00e1n, het geboortedorp van de Spaanse schrijver Julio Llamazares (1955), bestaat niet meer. Het is namelijk in 1969 verdwenen onder het water van een nieuw aangelegd stuwmeer. Ik kan me voorstellen dat dat voor hem een traumatische ervaring was. Wat er ook van zij, Llamazares focust in zijn werk sterk op zijn geboortestreek, die hij probeert te documenteren. Of althans, wat er nog van overblijft\u2026<\/p>\n\n\n\n<p>In 1981 ondernam Llamazares namelijk een reis langs de Curue\u00f1o, een rivier van ongeveer veertig kilometer lang in het noordwesten van Spanje die door de provincie Le\u00f3n stroomt. Bijna tien jaar later werkte hij de notities van die reis uit tot een boek, en pas dit jaar werd het in opdracht van de kleine uitgeverij Hoogteiling naar het Nederlands vertaald onder de titel&nbsp;<em>De rivier der vergetelheid<\/em>. Uitgever Hoogteiling heeft blijkbaar wel iets met Spanje: eerder gaf hij al een vertaling uit van Juan Goytisolo\u2019s&nbsp;<em><a href=\"https:\/\/www.tzum.info\/2021\/04\/recensie-juan-goytisolo-de-contreien-van-nijar\/\">De contreien van N\u00edjar<\/a><\/em>, dat handelt over het Andalusi\u00eb van de jaren vijftig. Maar terwijl de bevolking van die streek tegenwoordig flink is gegroeid \u2013 de populaire toeristenbestemming N\u00edjar telt tegenwoordig ruim 25.000 vaste inwoners, naast een heleboel bezoekers \u2013 is Llamazares\u2019 geboortestreek vrijwel volledig leeggelopen, zoals hij in zijn voorwoord schrijft:<\/p>\n\n\n\n<blockquote class=\"wp-block-quote is-layout-flow wp-block-quote-is-layout-flow\">\n<p>Woonden er bijvoorbeeld in 1981 zo\u2019n drieduizend mensen aan de oevers van de Curue\u00f1o, nu zijn het er nauwelijks nog vijfhonderd en tegelijkertijd zijn hun bezigheden teruggelopen naar een minimumniveau. In de dorpen is bijna geen jeugd meer.<\/p>\n<\/blockquote>\n\n\n<div class=\"wp-block-image\">\n<figure class=\"alignright\"><a href=\"https:\/\/www.tzum.info\/wp-content\/uploads\/2024\/08\/Julio-Llamazares-Rivier.jpg?x43626\"><img decoding=\"async\" src=\"https:\/\/www.tzum.info\/wp-content\/uploads\/2024\/08\/Julio-Llamazares-Rivier.jpg?x43626\" alt=\"\" class=\"wp-image-167960\"\/><\/a><\/figure>\n<\/div>\n\n\n<p>In veel van de dorpen die Llamazares begin jaren tachtig bezocht, woont nu dus letterlijk niemand meer. Het lijkt er dan ook op dat hij de restanten van dat uitstervende dorpsleven nog heeft willen registreren, samen met het veranderende landschap (\u2018Landschap is herinnering\u2019). Hij heeft dat gedaan op het trage lokale tempo, te voet dus, en nam uitgebreid zijn tijd om te keuvelen met de ietwat excentrieke dorpelingen die nog uit een andere tijd leken te komen. Daarbij kwam ook het recente verleden van Spanje naar boven, met zijn verscheurende burgeroorlog. Llamazares ging zowel in gesprek met de gepensioneerde agent van de Guardia Civil die voortvluchtige republikeinen moest opsporen in de bergen, als met de oudgediende van het republikeinse leger die zich tien jaar lang verstopte in de schuur van zijn ouders voordat hij zich aangaf. Maar ook een verarmde edelman, een tachtigjarige die nooit zijn dorp heeft verlaten \u2013 waarom zou je ook? \u2013 een wolvenjager of een van de zeldzame lokale belhamels komen aan het woord. Met veel plezier vertellen ze hem lokale legenden en mythes die het levensbloed van de streek zijn.<\/p>\n\n\n\n<p>Infrastructuurwerken konden de leegloop van de streek niet tegenhouden. Er werden weliswaar inspanningen gedaan om bijvoorbeeld het dorp Valdorria door middel van een weg te verbinden met de bewoonde wereld, maar dat was eigenlijk verspilde moeite:<\/p>\n\n\n\n<blockquote class=\"wp-block-quote is-layout-flow wp-block-quote-is-layout-flow\">\n<p>Vandaag, 19 augustus 1981, om zes uur \u2019s middags, terwijl aan de andere kant van de berg arbeiders en wegwerkmachines van de staat zich inspannen om het te verenigen met de wereld en de beschaving, komt Valdorria op de reiziger over als een dorp dat veroordeeld is tot totale leegloop. Op twee of drie huizen na (\u2026) ruikt het er muf en kruipt het onkruid langs de muren omhoog, wat het hele dorp een spookachtig aanzien verleent. Kapotte balken, deuren en ramen, verroeste grendels en sloten, een willekeurig neergekwakt bed, een bord op de deur dat de verkoop van een huis aankondigt dat niemand ooit nog zal kopen\u2026 (\u2026) Alles in Valdorria, behalve de rotsen, lijkt al vervallen, afgesloten en vergeten.<\/p>\n<\/blockquote>\n\n\n\n<p>Een beetje opzoekingswerk leert me dat Valdorria in 2014 officieel nog 17 inwoners telde. De kans is groot dat er nu echt niemand meer woont. Ondertussen kreunen andere streken van Spanje (Mallorca, Barcelona enzovoort) zo zwaar onder het massatoerisme en de overbevolking dat de plaatselijke bevolking op straat komt om te protesteren. Spanje worstelt al langer met dat probleem: de kustgebieden en grote steden worden steeds voller, het binnenland leger.<\/p>\n\n\n\n<p>Kan je dit boek afdoen als streekliteratuur? In onze streken heeft dat woord een negatieve connotatie, maar in Spanje is het niet ongewoon dat zelfs voor hun tijd uitgesproken moderne schrijvers als Federico Garc\u00eda Lorca sterk verknocht zijn aan hun geboortestreek en van daaruit heel universele literatuur produceren. De dorpse oerfiguren die Llamazares portretteert, doen bijvoorbeeld ook denken aan het werk van de Fransman Pierre Michon, die zich eindeloos kan laten inspireren door zijn geboortegrond. Zo gek is dat niet, want wie met de ogen van Llamazares zelfs een onooglijk, verlaten dorp als Valdorria in zich opneemt en beschrijft, laat een hele wereld opengaan voor zijn lezers.<\/p>\n\n\n\n<p><strong>Daan Pieters<\/strong><\/p>\n\n\n\n<p>Julio Llamazares \u2013&nbsp;<em>De rivier der vergetelheid<\/em>. Uit het Spaans vertaald door Keimpe Reitsma. Uitgeverij A.A. Hoogteiling, Amsterdam. 224 blz. \u20ac 19,50.<\/p>\n\n\n\n<p class=\"has-large-font-size\"><em><a href=\"https:\/\/www.allesoverboekenenschrijvers.nl\/julio-llamazares-de-rivier-der-vergetelheid\/julio-llamazares-de-rivier-der-vergetelheid-recensie\/\">Alles over boeken en schrijvers<\/a><\/em>, 30 mei 2024<\/p>\n\n\n\n<p><\/p>\n\n\n\n<p class=\"has-large-font-size\">In <strong>POR FAVOR<\/strong>, jaargang 8, nr. 4, oktober 2024,  p.48<\/p>\n\n\n\n<p>LIBROS<\/p>\n\n\n\n<p>REISNOVELLE<br>In de serie Les Bijoux Discrets worden nieuwe vertalingen van onderbelichte, of zelfs vergeten<br>Spaanse romans voor het voetlicht gebracht.<\/p>\n\n\n\n<p>Zojuist verscheen in dit kader Julia Llamazares&#8217; reisnovelle uit 1990 De rivier der vergetelheid,<br>mooi en secuur vertaald door Keimpe Reitsma. In ruim 200 makkelijk leesbare pagina&#8217;s reist de hoofdper\u00adsoon te voet langs de oevers van de rivier de Curue\u00f1o , in een dunbe\u00advolkt, bergachtig gebied in het noorden van de regio Castilla y Le\u00f3n, grenzend aan Asturias. De reiziger (duidelijk de schrijver zelf) komt oorspronkelijk uit deze streek, die hij dit keer bezoekt als nieuwsgie\u00adrige buitenstaander. Er is zelfs een dorp dat Llamazares heet. Kleine gebeurtenissen &#8211; en soms een groot dorpsgeheim &#8211; komen op zijn pad tijdens zijn voetreis tegen de stroom van de rivier in. Op treffende wijze schetst de auteur het eenvoudige, vaak eenzame en harde bestaan op het Spaanse platteland, waar de ontvolking reeds in 1981<br>-het jaar waarin dit reisverhaal zich afspeelt-gestalte kreeg. De beschrijvingen van de landschappen nodigen uit eens in dit onherberg\u00adzame gebied te gaan kijken (en wandelen!), maar wat deze reisnovelle vooral boeiend maakt is de ontroerende, liefdevolle toon waarop de tocht beschreven wordt. Het is tevens een licht weemoedige reis terug in de tijd. In het voorbijgaan krijgt de lezer informatie over de Spaanse Burgeroorlog, de rudimentaire eet- en drinkgewoontes \u00e9n de gastvrijheid in Spaanse dorpen, gehuchten en buurtschappen. Niet verbluffend, wel vertederend. En een aardig tijdsbeeld.:<\/p>\n\n\n\n<p><\/p>\n\n\n\n<p><strong>AAH PERSBERICHT mei 2024<\/strong><\/p>\n\n\n\n<div class=\"wp-block-pdf-viewer-block-standard\" style=\"text-align:left\"><div class=\"uploaded-pdf\"><a href=\"https:\/\/aah.co.nl\/wp-content\/uploads\/2024\/05\/Persbericht-Llamazares-mei-2023-1.pdf\" data-width=\"\" data-height=\"\"><\/a><\/div><\/div>\n\n\n\n<p><\/p>\n\n\n\n<p><strong>LEZERS<\/strong><\/p>\n\n\n\n<p>&#8216;Wat een heeeeerlijk boek! Je krijgt toch direct zin om die wandeling te gaan doen.&#8217; JR, lezer te Amsterdam.<\/p>\n\n\n\n<p>&#8216;Ik lees <em>De rivier der vergetelheid<\/em>. Als lezer ga je dan verlangen naar wandelschoenen, rugzak en op pad.&#8217; J&#8217;tM, lezer te Onderdendam (G).<\/p>\n\n\n\n<p>&#8216;Perfect vertaald&#8217;. LB lezer te Amsterdam, opgetekend van een vriendin\/vertaler.<\/p>\n\n\n\n<p><strong>FRAGMENT<\/strong><\/p>\n\n\n\n<p>Landschap is geheugen. Het landschap bewaart onbeperkt de sporen van het verleden, brengt herinneringen tot leven, doet schimmen uit het verleden herleven die alleen nog bestaan in het geheugen van de reiziger of van degene die eenvoudig trouw blijft aan dit landschap.<\/p>\n\n\n\n<p>Voor de romantische mens is het landschap bovendien de belangrijkste bron van melancholie. Als symbool van de genadeloze vergankelijkheid van de tijd en het leven \u2013 het landschap is eeuwig en overleeft bijna altijd degene die ernaar kijkt \u2013 laat het ook dat uiteindelijke scenario zien waarin achteruitgang en onzekerheid langzaam maar zeker het geheugen vernietigen van de reiziger \u2013 de mens, kortom \u2013 die al heel lang weet dat de weg die hij aflegt nergens toe leidt. Voor de romantische mens is het niet de blik die aangetast wordt door het landschap; het is het landschap dat uiteindelijk verandert in een aandoening van hart en ziel.<\/p>\n\n\n\n<p>In deze overtuiging- en met de vage intu\u00eftie dat het landschap en het geheugen in sommige gevallen hetzelfde zijn &#8211; ging ik op een dag in de zomer van 1981op pad om te voet de rivier af te lopen waaraan ik in mijn jeugd alle zomers doorbracht, van haar dood tot aan haar geboorte, &nbsp;en in welks water ik voor het eerst de schimmen weerspiegeld zag van walnotenbomen en vergetelheid. Gedurende de vele jaren dat ik nauwelijks terugkeerde naar haar oevers en me haar alleen herinnerde van foto&#8217;s, bleef de Curue\u00f1o &#8211; de legendarische rivier van mijn jeugd, de eenzame en groene rivier die dwars door het hart van de bergen van L\u00e9on loopt en in zijn bestaan van amper veertig kilometer net zoveel dorpjes, herbergen en een complete cultuur aaneenrijgt &#8211; door dezelfde decors en landschappen van mijn jeugd lopen, maar \u00edk was niet meer dezelfde. Het geheugen en de tijd, bedacht ik, hadden zich wederzijds in elkaar opgelost &#8211; zoals wanneer twee rivieren samenvloeien &#8211; en mijn herinneringen in spoken veranderd en nog een keer die oude klacht van de reiziger bevestigd dat het nergens toe dient om terug te keren naar de oorsprong omdat, ook al blijven de landschappen onveranderlijk, de waarneming zich nooit herhaalt.<\/p>\n\n\n\n<p>Het schrift van deze reis bleef een tijd liggen totdat ik op een goede dag, een paar jaar geleden, besloot het op te pakken en er een boek van te maken. Deze versie van de reis is dus niet alleen de herinnering aan het landschap \u2013 de landschappen \u2013 van de Curue\u00f1o, maar ook een herinnering aan een landschap dat ik op een dag ging weerzien met het vermoeden te zijn teruggekeerd naar een onbekende rivier en wereld en een herinnering aan een reis die ik maakte met de groeiende overtuiging dat de meest onbekende tochten die zijn die ons het meest na aan het hart liggen.<\/p>\n\n\n\n<div class=\"wp-block-group is-vertical is-content-justification-right is-layout-flex wp-container-core-group-is-layout-b6c475e2 wp-block-group-is-layout-flex\">\n<div class=\"wp-block-group\"><div class=\"wp-block-group__inner-container is-layout-flow wp-block-group-is-layout-flow\">\n<p class=\"has-text-align-right\">DE REIZIGER<\/p>\n\n\n\n<p class=\"has-text-align-right\">La Mata de la B\u00e9rbula, zomer 1989<\/p>\n<\/div><\/div>\n<\/div>\n\n\n\n<p>Verschenen juni 2024<\/p>\n\n\n\n<figure class=\"wp-block-image size-large\"><a href=\"https:\/\/aah.co.nl\/wp-content\/uploads\/2024\/03\/Vergetelheid-achterplat-scaled.jpg\"><img loading=\"lazy\" decoding=\"async\" width=\"625\" height=\"1024\" src=\"https:\/\/aah.co.nl\/wp-content\/uploads\/2024\/03\/Vergetelheid-achterplat-625x1024.jpg\" alt=\"\" class=\"wp-image-1469\" srcset=\"https:\/\/aah.co.nl\/wp-content\/uploads\/2024\/03\/Vergetelheid-achterplat-625x1024.jpg 625w, https:\/\/aah.co.nl\/wp-content\/uploads\/2024\/03\/Vergetelheid-achterplat-183x300.jpg 183w, https:\/\/aah.co.nl\/wp-content\/uploads\/2024\/03\/Vergetelheid-achterplat-768x1259.jpg 768w, https:\/\/aah.co.nl\/wp-content\/uploads\/2024\/03\/Vergetelheid-achterplat-937x1536.jpg 937w, https:\/\/aah.co.nl\/wp-content\/uploads\/2024\/03\/Vergetelheid-achterplat-1249x2048.jpg 1249w, https:\/\/aah.co.nl\/wp-content\/uploads\/2024\/03\/Vergetelheid-achterplat-scaled.jpg 1562w\" sizes=\"auto, (max-width: 625px) 100vw, 625px\" \/><\/a><\/figure>\n\n\n\n<figure class=\"wp-block-image size-large\"><a href=\"https:\/\/aah.co.nl\/wp-content\/uploads\/2024\/03\/Vergetelheid-voorflap-scaled.jpg\"><img loading=\"lazy\" decoding=\"async\" width=\"515\" height=\"1024\" src=\"https:\/\/aah.co.nl\/wp-content\/uploads\/2024\/03\/Vergetelheid-voorflap-515x1024.jpg\" alt=\"\" class=\"wp-image-1471\" srcset=\"https:\/\/aah.co.nl\/wp-content\/uploads\/2024\/03\/Vergetelheid-voorflap-515x1024.jpg 515w, https:\/\/aah.co.nl\/wp-content\/uploads\/2024\/03\/Vergetelheid-voorflap-151x300.jpg 151w, https:\/\/aah.co.nl\/wp-content\/uploads\/2024\/03\/Vergetelheid-voorflap-768x1526.jpg 768w, https:\/\/aah.co.nl\/wp-content\/uploads\/2024\/03\/Vergetelheid-voorflap-773x1536.jpg 773w, https:\/\/aah.co.nl\/wp-content\/uploads\/2024\/03\/Vergetelheid-voorflap-1031x2048.jpg 1031w, https:\/\/aah.co.nl\/wp-content\/uploads\/2024\/03\/Vergetelheid-voorflap-scaled.jpg 1288w\" sizes=\"auto, (max-width: 515px) 100vw, 515px\" \/><\/a><\/figure>\n\n\n\n<figure class=\"wp-block-image size-large\"><a href=\"https:\/\/aah.co.nl\/wp-content\/uploads\/2024\/03\/Vergetelheid-achterflap-1-scaled.jpg\"><img loading=\"lazy\" decoding=\"async\" width=\"511\" height=\"1024\" src=\"https:\/\/aah.co.nl\/wp-content\/uploads\/2024\/03\/Vergetelheid-achterflap-1-511x1024.jpg\" alt=\"\" class=\"wp-image-1474\" srcset=\"https:\/\/aah.co.nl\/wp-content\/uploads\/2024\/03\/Vergetelheid-achterflap-1-511x1024.jpg 511w, https:\/\/aah.co.nl\/wp-content\/uploads\/2024\/03\/Vergetelheid-achterflap-1-150x300.jpg 150w, https:\/\/aah.co.nl\/wp-content\/uploads\/2024\/03\/Vergetelheid-achterflap-1-768x1540.jpg 768w, https:\/\/aah.co.nl\/wp-content\/uploads\/2024\/03\/Vergetelheid-achterflap-1-766x1536.jpg 766w, https:\/\/aah.co.nl\/wp-content\/uploads\/2024\/03\/Vergetelheid-achterflap-1-1021x2048.jpg 1021w, https:\/\/aah.co.nl\/wp-content\/uploads\/2024\/03\/Vergetelheid-achterflap-1-scaled.jpg 1276w\" sizes=\"auto, (max-width: 511px) 100vw, 511px\" \/><\/a><\/figure>\n\n\n\n<p><strong>Beknopte biografie van Julio Llamazares<\/strong><\/p>\n\n\n\n<p><strong>1955<\/strong> geboren in Vegami\u00e1n, een dorp in de provincie L\u00e9on dat in de jaren zestig in een stuwmeer ten onder ging.<br><strong>1967<\/strong> op kostschool in Madrid<br><strong>1973<\/strong> studie rechten.<br><strong>1980<\/strong> verschijnen twee po\u00ebziebundels, waaronder \u00e9\u00e9n met de prachtige titel: De traagheid van de ossen.<br><strong>1985<\/strong> Publicatie van de roman Wolvemaan. Over mannen die zich na de Burgeroorlog in de bergen van L\u00e9on schuilhouden voor de Guardia Civil van Franco.<br><strong>1988 <\/strong>Publicatie van de roman De gele regen. het verhaal van een dorp dat door het wegtrekken van de mensen zijn laatste adem uitblaast in de persoon van de enige man die er nog woont.<br><strong>1990 Publicatie De rivier der vergetelheid.<\/strong><br>In deze periode is natuur steeds zeer nabij.<br><strong>1990-2015<\/strong> Llamazares publiceert gestaag door, onder andere twee boeken over alle kathedralen van Spanje.<br><strong>2016 <\/strong>El viaje de Don Quijote. Verslag van een reis in de voetsporen van Don Quichot.<br><strong>2020 <\/strong>Primavera extreme\u00f1a. Tijdens de Covid-periode, waarin de Spanjaarden aan huis gekluisterd waren, verblijft Llamazares in de Extremadura. In dit \u2013 tot nog toe zijn laatste \u2013 boek doet Llamazares daar verslag van.<\/p>\n\n\n\n<p><\/p>\n\n\n\n<p>De rode draad in het werk van Julio Llamazares is de romantiek in de oorspronkelijke betekenis van het woord: de breuk tussen mens en natuur, het besef van het verlies van een gouden verleden, ingebeeld, omdat het nooit heeft bestaan. Het fundament ervan ligt in de verbondenheid van Llamazares met de landelijke streek in de provincie L\u00e9on waar hij geboren en getogen is.<\/p>\n\n\n\n<p>De rivier der vergetelheid is een reisnovelle die in 1990 in boekvorm is verschenen op basis van de aantekeningen die de schrijver in 1981 tijdens zijn voettocht langs de rivier van zijn jeugd, de Curue\u00f1o, maakte. Deze rivier ontspringt op een hoogte van bijna 2000 meter en voegt zich ruim veertig kilometer later bij de Porma na een tocht door diepe kloven en prachtige valleien. De schrijver maakt de voettocht stroomopwaarts \u2018[\u2026] langzaam terugreizend in tijd en herinnering. Op deze manier wordt de reis een zoektocht naar de menselijke drijfveren en, meer in het algemeen, naar de zin van het bestaan\u2019, aldus Hub. Hermans, Bzzlltin, jaargang 22.<\/p>\n","protected":false},"excerpt":{"rendered":"<p>Julio Llamazares &#8211; De rivier der vergetelheid Spaanse titel El R\u00edo del olvido, 1990, vertaling Keimpe Reitsma 2024. Met proloog van de schrijver 2024. ISBN 978-90-820059-7-4, 224 pagina&#8217;s, \u20ac 22,50 BESPREKINGEN Interview met Julio Llamazares door Aafke Jochems in Espanje!, &hellip; <a href=\"https:\/\/aah.co.nl\/?page_id=1122\">Lees verder <span class=\"meta-nav\">&rarr;<\/span><\/a><\/p>\n","protected":false},"author":1,"featured_media":0,"parent":0,"menu_order":0,"comment_status":"closed","ping_status":"closed","template":"","meta":{"footnotes":""},"class_list":["post-1122","page","type-page","status-publish","hentry"],"_links":{"self":[{"href":"https:\/\/aah.co.nl\/index.php?rest_route=\/wp\/v2\/pages\/1122","targetHints":{"allow":["GET"]}}],"collection":[{"href":"https:\/\/aah.co.nl\/index.php?rest_route=\/wp\/v2\/pages"}],"about":[{"href":"https:\/\/aah.co.nl\/index.php?rest_route=\/wp\/v2\/types\/page"}],"author":[{"embeddable":true,"href":"https:\/\/aah.co.nl\/index.php?rest_route=\/wp\/v2\/users\/1"}],"replies":[{"embeddable":true,"href":"https:\/\/aah.co.nl\/index.php?rest_route=%2Fwp%2Fv2%2Fcomments&post=1122"}],"version-history":[{"count":35,"href":"https:\/\/aah.co.nl\/index.php?rest_route=\/wp\/v2\/pages\/1122\/revisions"}],"predecessor-version":[{"id":1654,"href":"https:\/\/aah.co.nl\/index.php?rest_route=\/wp\/v2\/pages\/1122\/revisions\/1654"}],"wp:attachment":[{"href":"https:\/\/aah.co.nl\/index.php?rest_route=%2Fwp%2Fv2%2Fmedia&parent=1122"}],"curies":[{"name":"wp","href":"https:\/\/api.w.org\/{rel}","templated":true}]}}