{"id":1593,"date":"2025-02-05T15:05:21","date_gmt":"2025-02-05T14:05:21","guid":{"rendered":"https:\/\/aah.co.nl\/?page_id=1593"},"modified":"2025-11-12T12:16:37","modified_gmt":"2025-11-12T11:16:37","slug":"bentinck","status":"publish","type":"page","link":"https:\/\/aah.co.nl\/?page_id=1593","title":{"rendered":"BENTINCK"},"content":{"rendered":"\n<p>Paradiso, 30 november 2025 van 12-16 uur: salome bentinck signeert <em>WRINGEND MOMENT. <\/em>Balkon 1e verdieping, tafel 71<\/p>\n\n\n\n<figure class=\"wp-block-gallery has-nested-images columns-default is-cropped wp-block-gallery-1 is-layout-flex wp-block-gallery-is-layout-flex\">\n<figure class=\"wp-block-image size-large\"><a href=\"https:\/\/aah.co.nl\/wp-content\/uploads\/2025\/11\/DRUK2025-IG-story-2-scaled.jpg\"><img loading=\"lazy\" decoding=\"async\" width=\"576\" height=\"1024\" data-id=\"1704\" src=\"https:\/\/aah.co.nl\/wp-content\/uploads\/2025\/11\/DRUK2025-IG-story-2-576x1024.jpg\" alt=\"\" class=\"wp-image-1704\" srcset=\"https:\/\/aah.co.nl\/wp-content\/uploads\/2025\/11\/DRUK2025-IG-story-2-576x1024.jpg 576w, https:\/\/aah.co.nl\/wp-content\/uploads\/2025\/11\/DRUK2025-IG-story-2-169x300.jpg 169w, https:\/\/aah.co.nl\/wp-content\/uploads\/2025\/11\/DRUK2025-IG-story-2-768x1365.jpg 768w, https:\/\/aah.co.nl\/wp-content\/uploads\/2025\/11\/DRUK2025-IG-story-2-864x1536.jpg 864w, https:\/\/aah.co.nl\/wp-content\/uploads\/2025\/11\/DRUK2025-IG-story-2-1152x2048.jpg 1152w, https:\/\/aah.co.nl\/wp-content\/uploads\/2025\/11\/DRUK2025-IG-story-2-scaled.jpg 1440w\" sizes=\"auto, (max-width: 576px) 100vw, 576px\" \/><\/a><\/figure>\n\n\n\n<figure class=\"wp-block-image size-large\"><a href=\"https:\/\/aah.co.nl\/wp-content\/uploads\/2025\/06\/WRINGEND-MOMENT-voorplat.jpg\"><img loading=\"lazy\" decoding=\"async\" width=\"629\" height=\"1024\" data-id=\"1614\" src=\"https:\/\/aah.co.nl\/wp-content\/uploads\/2025\/06\/WRINGEND-MOMENT-voorplat-629x1024.jpg\" alt=\"\" class=\"wp-image-1614\" srcset=\"https:\/\/aah.co.nl\/wp-content\/uploads\/2025\/06\/WRINGEND-MOMENT-voorplat-629x1024.jpg 629w, https:\/\/aah.co.nl\/wp-content\/uploads\/2025\/06\/WRINGEND-MOMENT-voorplat-184x300.jpg 184w, https:\/\/aah.co.nl\/wp-content\/uploads\/2025\/06\/WRINGEND-MOMENT-voorplat-768x1250.jpg 768w, https:\/\/aah.co.nl\/wp-content\/uploads\/2025\/06\/WRINGEND-MOMENT-voorplat-944x1536.jpg 944w, https:\/\/aah.co.nl\/wp-content\/uploads\/2025\/06\/WRINGEND-MOMENT-voorplat-1259x2048.jpg 1259w, https:\/\/aah.co.nl\/wp-content\/uploads\/2025\/06\/WRINGEND-MOMENT-voorplat.jpg 1453w\" sizes=\"auto, (max-width: 629px) 100vw, 629px\" \/><\/a><\/figure>\n<\/figure>\n\n\n\n<div class=\"wp-block-group\"><div class=\"wp-block-group__inner-container is-layout-constrained wp-block-group-is-layout-constrained\">\n<div class=\"wp-block-group is-vertical is-layout-flex wp-container-core-group-is-layout-8cf370e7 wp-block-group-is-layout-flex\">\n<p>salome bentinck &#8211; <em>WRINGEND MOMENT, <\/em>gedichten. ISBN 978 90 8200059 8 1, 80 pagina&#8217;s \u20ac 19,50<\/p>\n\n\n\n<p>Oktober 2025. Presentatie in een stampvol Perdu in een gesprek met Judith Belinfante en Dirk Sijmons.<\/p>\n\n\n\n<figure class=\"wp-block-image size-large\"><a href=\"https:\/\/aah.co.nl\/wp-content\/uploads\/2025\/10\/Perdu-2-10-2025.jpg\"><img loading=\"lazy\" decoding=\"async\" width=\"724\" height=\"1024\" src=\"https:\/\/aah.co.nl\/wp-content\/uploads\/2025\/10\/Perdu-2-10-2025-724x1024.jpg\" alt=\"\" class=\"wp-image-1695\" srcset=\"https:\/\/aah.co.nl\/wp-content\/uploads\/2025\/10\/Perdu-2-10-2025-724x1024.jpg 724w, https:\/\/aah.co.nl\/wp-content\/uploads\/2025\/10\/Perdu-2-10-2025-212x300.jpg 212w, https:\/\/aah.co.nl\/wp-content\/uploads\/2025\/10\/Perdu-2-10-2025-768x1086.jpg 768w, https:\/\/aah.co.nl\/wp-content\/uploads\/2025\/10\/Perdu-2-10-2025-1086x1536.jpg 1086w, https:\/\/aah.co.nl\/wp-content\/uploads\/2025\/10\/Perdu-2-10-2025-1448x2048.jpg 1448w, https:\/\/aah.co.nl\/wp-content\/uploads\/2025\/10\/Perdu-2-10-2025.jpg 1770w\" sizes=\"auto, (max-width: 724px) 100vw, 724px\" \/><\/a><\/figure>\n<\/div>\n<\/div><\/div>\n\n\n\n<figure class=\"wp-block-gallery has-nested-images columns-default is-cropped wp-block-gallery-2 is-layout-flex wp-block-gallery-is-layout-flex\">\n<figure class=\"wp-block-image size-large\"><a href=\"https:\/\/aah.co.nl\/wp-content\/uploads\/2025\/07\/WRINGEND-MOMENT-achterplat.jpg\"><img loading=\"lazy\" decoding=\"async\" width=\"629\" height=\"1024\" data-id=\"1659\" src=\"https:\/\/aah.co.nl\/wp-content\/uploads\/2025\/07\/WRINGEND-MOMENT-achterplat-629x1024.jpg\" alt=\"\" class=\"wp-image-1659\" srcset=\"https:\/\/aah.co.nl\/wp-content\/uploads\/2025\/07\/WRINGEND-MOMENT-achterplat-629x1024.jpg 629w, https:\/\/aah.co.nl\/wp-content\/uploads\/2025\/07\/WRINGEND-MOMENT-achterplat-184x300.jpg 184w, https:\/\/aah.co.nl\/wp-content\/uploads\/2025\/07\/WRINGEND-MOMENT-achterplat-768x1250.jpg 768w, https:\/\/aah.co.nl\/wp-content\/uploads\/2025\/07\/WRINGEND-MOMENT-achterplat-944x1536.jpg 944w, https:\/\/aah.co.nl\/wp-content\/uploads\/2025\/07\/WRINGEND-MOMENT-achterplat-1259x2048.jpg 1259w, https:\/\/aah.co.nl\/wp-content\/uploads\/2025\/07\/WRINGEND-MOMENT-achterplat.jpg 1453w\" sizes=\"auto, (max-width: 629px) 100vw, 629px\" \/><\/a><\/figure>\n\n\n\n<figure class=\"wp-block-image size-large\"><a href=\"https:\/\/aah.co.nl\/wp-content\/uploads\/2025\/07\/WRINGEND-MOMENT-voorflap.jpg\"><img loading=\"lazy\" decoding=\"async\" width=\"486\" height=\"1024\" data-id=\"1660\" src=\"https:\/\/aah.co.nl\/wp-content\/uploads\/2025\/07\/WRINGEND-MOMENT-voorflap-486x1024.jpg\" alt=\"\" class=\"wp-image-1660\" srcset=\"https:\/\/aah.co.nl\/wp-content\/uploads\/2025\/07\/WRINGEND-MOMENT-voorflap-486x1024.jpg 486w, https:\/\/aah.co.nl\/wp-content\/uploads\/2025\/07\/WRINGEND-MOMENT-voorflap-143x300.jpg 143w, https:\/\/aah.co.nl\/wp-content\/uploads\/2025\/07\/WRINGEND-MOMENT-voorflap-768x1617.jpg 768w, https:\/\/aah.co.nl\/wp-content\/uploads\/2025\/07\/WRINGEND-MOMENT-voorflap-730x1536.jpg 730w, https:\/\/aah.co.nl\/wp-content\/uploads\/2025\/07\/WRINGEND-MOMENT-voorflap-973x2048.jpg 973w, https:\/\/aah.co.nl\/wp-content\/uploads\/2025\/07\/WRINGEND-MOMENT-voorflap.jpg 1123w\" sizes=\"auto, (max-width: 486px) 100vw, 486px\" \/><\/a><\/figure>\n\n\n\n<figure class=\"wp-block-image size-large\"><a href=\"https:\/\/aah.co.nl\/wp-content\/uploads\/2025\/07\/WRINGEND-MOMENT-achterflap.jpg\"><img loading=\"lazy\" decoding=\"async\" width=\"486\" height=\"1024\" data-id=\"1658\" src=\"https:\/\/aah.co.nl\/wp-content\/uploads\/2025\/07\/WRINGEND-MOMENT-achterflap-486x1024.jpg\" alt=\"\" class=\"wp-image-1658\" srcset=\"https:\/\/aah.co.nl\/wp-content\/uploads\/2025\/07\/WRINGEND-MOMENT-achterflap-486x1024.jpg 486w, https:\/\/aah.co.nl\/wp-content\/uploads\/2025\/07\/WRINGEND-MOMENT-achterflap-143x300.jpg 143w, https:\/\/aah.co.nl\/wp-content\/uploads\/2025\/07\/WRINGEND-MOMENT-achterflap-768x1617.jpg 768w, https:\/\/aah.co.nl\/wp-content\/uploads\/2025\/07\/WRINGEND-MOMENT-achterflap-730x1536.jpg 730w, https:\/\/aah.co.nl\/wp-content\/uploads\/2025\/07\/WRINGEND-MOMENT-achterflap-973x2048.jpg 973w, https:\/\/aah.co.nl\/wp-content\/uploads\/2025\/07\/WRINGEND-MOMENT-achterflap.jpg 1123w\" sizes=\"auto, (max-width: 486px) 100vw, 486px\" \/><\/a><\/figure>\n<\/figure>\n\n\n\n<p class=\"has-medium-font-size\"><strong>LEZERS<\/strong><\/p>\n\n\n\n<p class=\"has-text-align-center\">\u201cDe titel grijpt je al enigszins naar de strot, net als de mooi gevormde zinnen en woorden. Zo trof me bijvoorbeeld het verdwijnen in een pixelzwerm (als puntje op een scherm) En veel meer nog.\u201d CG te S<\/p>\n\n\n\n<p class=\"has-text-align-center\">\u201c\u2019Heimwee\u2019 &nbsp;Prachtig. Herkenning. Wringend levenslot. Altijd naar huis willen. Benieuwd naar andere gedichten.\u201d TE te A<\/p>\n\n\n\n<p class=\"has-text-align-center\">\u201cMet veel interesse en enige overdenkingen erbij, heb ik de dichtbundel met genoegen gelezen. \u201d, JV te H<\/p>\n\n\n\n<p class=\"has-text-align-center\">\u201cHet gedicht&nbsp;<em>Vriendinnen re-visite<\/em>&nbsp;vind ik een van de mooiste: de beelden, de taal en het is spannend wanneer je de ongemakkelijke, scherpe aspecten het leven opzoekt. Ook mooi hoe in het gedicht over de vader rots en vader is uitgewerkt. En benieuwd of ik nu aan de hand van&nbsp;<em>Kaneelsterren<\/em>, de kerstkoekjes nu ook zelf kan bakken. Mooi om het recept daarvan voor een gedicht te gebruiken.\u201d, JM te A<\/p>\n\n\n\n<p class=\"has-text-align-center\">\u201cIk ben onder de indruk ben van het werk en de manier waarop er mee naar buiten is getreden. Chapeau. &nbsp;De bundel ligt onder hand bereik en met plezier doe ik tussendoor een gedicht.\u201d, GT te A<\/p>\n\n\n\n<p class=\"has-text-align-center\">\u201cWarm, intiem, speels, geestig, origineel, toegankelijk en begrijpelijk. Geheel eigen toon. En een buitengewoon trefzekere woordkeus. Een genot om te lezen.\u201d, EB te A<\/p>\n\n\n\n<p class=\"has-text-align-center\">\u201cGisteren ook een aantal voorgelezen aan klanten van m\u2019n bloemenstalletje. Genoten met een grote G dus\u201d, DS te A<\/p>\n\n\n\n<p class=\"has-text-align-center\">\u201cZoveel gedachten en gevoelens, prachtig en ontroerend\u201d, WB te A<\/p>\n\n\n\n<p class=\"has-text-align-center\">\u201cDe bundel staat als een bouwwerk\u201d, AE te A<\/p>\n\n\n\n<p class=\"has-text-align-center\">\u201cBen onder de indruk, wat bijzonder en veel om over na te mijmeren\u2026\u201d, LE te A.<\/p>\n\n\n\n<p class=\"has-text-align-center\">\u201cVerrassend goed. Verrassend omdat: \u00e1lle gedichten zo goed zijn, \u00e9n begrijpelijk, \u00e9n dit nog maar een debuut is\u201d, CB te A<\/p>\n\n\n\n<p class=\"has-text-align-center\">J\u2019tM te O (G) wijdt er een haiku aan:<\/p>\n\n\n\n<p class=\"has-text-align-center\">\u201csalome bentinck \/ vond met taal haar nieuwe weg \/ vrije dichteres\u201d,<\/p>\n\n\n\n<p class=\"has-text-align-center\">en het inspireert hem tot collages:<\/p>\n\n\n\n<figure class=\"wp-block-gallery has-nested-images columns-default is-cropped wp-block-gallery-3 is-layout-flex wp-block-gallery-is-layout-flex\">\n<figure class=\"wp-block-image size-large\"><a href=\"https:\/\/aah.co.nl\/wp-content\/uploads\/2025\/11\/20251031_173715-scaled.jpg\"><img loading=\"lazy\" decoding=\"async\" width=\"600\" height=\"1024\" data-id=\"1712\" src=\"https:\/\/aah.co.nl\/wp-content\/uploads\/2025\/11\/20251031_173715-600x1024.jpg\" alt=\"\" class=\"wp-image-1712\" srcset=\"https:\/\/aah.co.nl\/wp-content\/uploads\/2025\/11\/20251031_173715-600x1024.jpg 600w, https:\/\/aah.co.nl\/wp-content\/uploads\/2025\/11\/20251031_173715-176x300.jpg 176w, https:\/\/aah.co.nl\/wp-content\/uploads\/2025\/11\/20251031_173715-768x1310.jpg 768w, https:\/\/aah.co.nl\/wp-content\/uploads\/2025\/11\/20251031_173715-901x1536.jpg 901w, https:\/\/aah.co.nl\/wp-content\/uploads\/2025\/11\/20251031_173715-1201x2048.jpg 1201w, https:\/\/aah.co.nl\/wp-content\/uploads\/2025\/11\/20251031_173715-scaled.jpg 1501w\" sizes=\"auto, (max-width: 600px) 100vw, 600px\" \/><\/a><\/figure>\n\n\n\n<figure class=\"wp-block-image size-large\"><a href=\"https:\/\/aah.co.nl\/wp-content\/uploads\/2025\/11\/20251106_212732-scaled.jpg\"><img loading=\"lazy\" decoding=\"async\" width=\"913\" height=\"1024\" data-id=\"1713\" src=\"https:\/\/aah.co.nl\/wp-content\/uploads\/2025\/11\/20251106_212732-913x1024.jpg\" alt=\"\" class=\"wp-image-1713\" srcset=\"https:\/\/aah.co.nl\/wp-content\/uploads\/2025\/11\/20251106_212732-913x1024.jpg 913w, https:\/\/aah.co.nl\/wp-content\/uploads\/2025\/11\/20251106_212732-268x300.jpg 268w, https:\/\/aah.co.nl\/wp-content\/uploads\/2025\/11\/20251106_212732-768x861.jpg 768w, https:\/\/aah.co.nl\/wp-content\/uploads\/2025\/11\/20251106_212732-1370x1536.jpg 1370w, https:\/\/aah.co.nl\/wp-content\/uploads\/2025\/11\/20251106_212732-1826x2048.jpg 1826w\" sizes=\"auto, (max-width: 913px) 100vw, 913px\" \/><\/a><\/figure>\n<\/figure>\n\n\n\n<p class=\"has-text-align-center\">\u201cDe subtiele grafische ingreep op de cover, toeval of genie? De zes streepjes van het 1e hexagram uit de I Ching. Staat voor kracht, het creatieve. Hoe passend!\u201d, Dirk Sijmons.<\/p>\n\n\n\n<p class=\"has-text-align-center\">\u201cAls volstrekte alfa ontdekte ik dat er ook een b\u00e8ta-taal bestaat die enorm werkt in po\u00ebzie\u201d, Judith Belinfante.<\/p>\n\n\n\n<p class=\"has-medium-font-size\"><strong>PERS<\/strong><\/p>\n\n\n\n<p><a href=\"https:\/\/www.allesoverboekenenschrijvers.nl\/salome-bentinck-wringend-moment\/\">Alles over boeken en schrijvers, augustus 2025<\/a><\/p>\n\n\n\n<p><\/p>\n","protected":false},"excerpt":{"rendered":"<p>Paradiso, 30 november 2025 van 12-16 uur: salome bentinck signeert WRINGEND MOMENT. Balkon 1e verdieping, tafel 71 salome bentinck &#8211; WRINGEND MOMENT, gedichten. ISBN 978 90 8200059 8 1, 80 pagina&#8217;s \u20ac 19,50 Oktober 2025. Presentatie in een stampvol Perdu &hellip; <a href=\"https:\/\/aah.co.nl\/?page_id=1593\">Lees verder <span class=\"meta-nav\">&rarr;<\/span><\/a><\/p>\n","protected":false},"author":1,"featured_media":0,"parent":0,"menu_order":0,"comment_status":"closed","ping_status":"closed","template":"","meta":{"footnotes":""},"class_list":["post-1593","page","type-page","status-publish","hentry"],"_links":{"self":[{"href":"https:\/\/aah.co.nl\/index.php?rest_route=\/wp\/v2\/pages\/1593","targetHints":{"allow":["GET"]}}],"collection":[{"href":"https:\/\/aah.co.nl\/index.php?rest_route=\/wp\/v2\/pages"}],"about":[{"href":"https:\/\/aah.co.nl\/index.php?rest_route=\/wp\/v2\/types\/page"}],"author":[{"embeddable":true,"href":"https:\/\/aah.co.nl\/index.php?rest_route=\/wp\/v2\/users\/1"}],"replies":[{"embeddable":true,"href":"https:\/\/aah.co.nl\/index.php?rest_route=%2Fwp%2Fv2%2Fcomments&post=1593"}],"version-history":[{"count":21,"href":"https:\/\/aah.co.nl\/index.php?rest_route=\/wp\/v2\/pages\/1593\/revisions"}],"predecessor-version":[{"id":1728,"href":"https:\/\/aah.co.nl\/index.php?rest_route=\/wp\/v2\/pages\/1593\/revisions\/1728"}],"wp:attachment":[{"href":"https:\/\/aah.co.nl\/index.php?rest_route=%2Fwp%2Fv2%2Fmedia&parent=1593"}],"curies":[{"name":"wp","href":"https:\/\/api.w.org\/{rel}","templated":true}]}}