{"id":617,"date":"2021-10-06T12:24:21","date_gmt":"2021-10-06T11:24:21","guid":{"rendered":"https:\/\/aah.co.nl\/?page_id=617"},"modified":"2023-02-01T14:26:39","modified_gmt":"2023-02-01T13:26:39","slug":"wandelingen-osdorp-sloten","status":"publish","type":"page","link":"https:\/\/aah.co.nl\/?page_id=617","title":{"rendered":"10&#215;10 WANDELINGEN vanaf de Noorderakerweg"},"content":{"rendered":"\n<p>Verschenen in: Nieuwsbrief Sloten &#8211; Oud-Osdorp. Als gratis pdf&#8217;s te downloaden bij <a href=\"https:\/\/aah.co.nl\/?page_id=617\" data-type=\"URL\" data-id=\"https:\/\/aah.co.nl\/?page_id=617\">A.A. Hoogteiling, uitgever<\/a>, AMSTERDAM. Kaartjes, routes, foto&#8217;s en iPad-tekeningen kunnen allemaal vrijelijk worden (her)gebruikt, wel de bron (<a href=\"https:\/\/aah.co.nl\/?page_id=617\" data-type=\"URL\" data-id=\"https:\/\/aah.co.nl\/?page_id=617\">deze webpagina<\/a>) vermelden. GPX-bestanden voor navigatieapparaat of smartphone kunnen worden aangevraagd per <a href=\"&#97;&#x61;h&#111;&#x6f;&#103;&#x74;e&#105;&#x6c;i&#x6e;&#x67;&#64;&#x6b;p&#110;&#x6d;a&#x69;&#x6c;&#46;&#x6e;l\">e-mail<\/a> <a href=\"&#x6d;a&#x69;&#108;&#x74;&#111;:&#x61;a&#x68;&#111;&#x6f;&#103;t&#x65;&#105;&#x6c;&#105;n&#x67;&#64;&#x6b;&#112;&#x6e;&#109;a&#x69;l&#x2e;&#110;&#x6c;\" data-type=\"mailto\" data-id=\"&#x6d;&#97;i&#x6c;&#x74;&#111;:&#x61;&#x61;&#104;o&#x6f;&#103;t&#x65;&#x69;&#108;i&#x6e;&#x67;&#64;k&#x70;&#110;&#109;&#x61;&#x69;&#108;&#46;&#x6e;&#x6c;\">&#x61;&#x61;&#104;&#111;&#111;g&#x74;&#x65;&#x69;&#108;&#105;ng&#x40;&#x6b;&#x70;&#110;&#109;a&#x69;&#x6c;&#x2e;&#110;&#108;<\/a>.<\/p>\n\n\n\n<figure class=\"wp-block-image size-large\"><a href=\"https:\/\/aah.co.nl\/wp-content\/uploads\/2021\/10\/17d7b12a-4dcc-4d24-95f3-4b1230c7c4cc.jpg\"><img loading=\"lazy\" decoding=\"async\" width=\"1024\" height=\"768\" src=\"https:\/\/aah.co.nl\/wp-content\/uploads\/2021\/10\/17d7b12a-4dcc-4d24-95f3-4b1230c7c4cc-1024x768.jpg\" alt=\"\" class=\"wp-image-618\" srcset=\"https:\/\/aah.co.nl\/wp-content\/uploads\/2021\/10\/17d7b12a-4dcc-4d24-95f3-4b1230c7c4cc-1024x768.jpg 1024w, https:\/\/aah.co.nl\/wp-content\/uploads\/2021\/10\/17d7b12a-4dcc-4d24-95f3-4b1230c7c4cc-300x225.jpg 300w, https:\/\/aah.co.nl\/wp-content\/uploads\/2021\/10\/17d7b12a-4dcc-4d24-95f3-4b1230c7c4cc-768x576.jpg 768w, https:\/\/aah.co.nl\/wp-content\/uploads\/2021\/10\/17d7b12a-4dcc-4d24-95f3-4b1230c7c4cc-1536x1152.jpg 1536w, https:\/\/aah.co.nl\/wp-content\/uploads\/2021\/10\/17d7b12a-4dcc-4d24-95f3-4b1230c7c4cc.jpg 1600w\" sizes=\"auto, (max-width: 1024px) 100vw, 1024px\" \/><\/a><figcaption class=\"wp-element-caption\">Noorderakerweg, opgang naar de dijk van de Ringvaart &#8211; Zwarte Pad Amsterdam Osdorp<\/figcaption><\/figure>\n\n\n\n<p>In 2020 zouden Anneke Heikoop en Niko Koers van <a href=\"https:\/\/aah.co.nl\/?page_id=868\" data-type=\"URL\" data-id=\"https:\/\/aah.co.nl\/?page_id=868\">Rome naar Amsterdam<\/a> wandelen. Corona kwam. Wat nu? Er was vijf maanden tijd vrijgemaakt. Dan maar die 2000 km vanuit huis op de Noorderakerweg lopen. Het werden 10 wandelingen, elke twee weken herhaald: alleen door de week, de weekenden waren voor de werkende mens om naar buiten te gaan, weet u nog? Samen dus 10 x 10 wandelingen, door Sloten, Osdorp \u00e9n ommelanden. Naar Amstelveen, naar het IJ, naar Badhoevedorp, naar Spaarnwoude. Slechts \u00e9\u00e9n wandeling startte op de fiets naar het Flevopark in Oost, hier als bonuswandeling 3 opgenomen. De rest, uiteindelijk dus 1850 km, allemaal bij ons in de buurt. Verbaasd van de hoeveelheid paden, achterlangsjes, hondenpaadjes en ommetjes? (Neem tram 17 tot eindpunt Dijkgraafplein en) Wandel!<\/p>\n\n\n\n<p>De herhaling van de wandelingen was de sleutel tot magie: de veranderende seizoenen, het weer en wat de mensen allemaal uitspoken. Je ziet het ontwikkelen.<\/p>\n\n\n\n<h3 class=\"has-normal-font-size wp-block-heading\"><a href=\"https:\/\/aah.co.nl\/?page_id=682\">Inleiding <\/a>10X10 WANDELINGEN VANAF DE NOORDERAKERWEG IN CORONA-TIJD<\/h3>\n\n\n\n<h3 class=\"has-normal-font-size wp-block-heading\"><a href=\"https:\/\/aah.co.nl\/?page_id=694\">Wandeling 1<\/a>  NOORDERAKERWEG, WESTGAARDE, LUTKEMEER- EN OSDORPERPOLDERS, 11 km <\/h3>\n\n\n\n<h3 class=\"has-normal-font-size wp-block-heading\"><a href=\"https:\/\/aah.co.nl\/?page_id=739\" data-type=\"URL\" data-id=\"https:\/\/aah.co.nl\/?page_id=739\">Wandeling 2<\/a>  NOORDERAKERWEG, VRIJE GEER, NIEUW-SLOTEN, HUIS TE VRAAG, OEVERLANDEN, v.m. TRAC\u00c9 VAN DE A9 IN BADHOEVEDORP, 19 km <\/h3>\n\n\n\n<p class=\"has-normal-font-size\"><a href=\"https:\/\/aah.co.nl\/?page_id=758\" data-type=\"URL\" data-id=\"https:\/\/aah.co.nl\/?page_id=758\">Wandeling 3<\/a> NOORDERAKERWEG, (per fiets naar) FLEVOPARK, OOSTELIJK HAVENGEBIED, NOORDERPARK, VLIEGENBOS, ORANJESLUIZEN (of Schellingwouderbrug), 16 km (plus 28 km fiets\/tram)  <\/p>\n\n\n\n<p class=\"has-normal-font-size\"><a href=\"https:\/\/aah.co.nl\/?page_id=741\" data-type=\"URL\" data-id=\"https:\/\/aah.co.nl\/?page_id=741\">Wandeling 4<\/a>  NOORDERAKERWEG, SLOTERPLAS, ERASMUSGRACHT EN -PARK, BRETTEN, GEUZENVELD, 21 km <\/p>\n\n\n\n<p class=\"has-normal-font-size\"><a href=\"https:\/\/aah.co.nl\/?page_id=750\" data-type=\"URL\" data-id=\"https:\/\/aah.co.nl\/?page_id=750\">Wandeling 5<\/a>  NOORDERAKERWEG, ZWANENBURG, SPAARNWOUDE, 28 km <\/p>\n\n\n\n<p class=\"has-normal-font-size\"><a href=\"https:\/\/aah.co.nl\/?page_id=769\" data-type=\"URL\" data-id=\"https:\/\/aah.co.nl\/?page_id=769\">Wandeling 6<\/a><a href=\"http:\/\/Wandeling6\" data-type=\"URL\" data-id=\"Wandeling6\"> <\/a>  NOORDERAKERWEG, SLOTERPLAS, CENTRUM, IJ, NOORD, VONDELPARK, SLOTERVAART EN PIET WIEDIJKPARK, 29 km  <\/p>\n\n\n\n<p class=\"has-normal-font-size\"><a href=\"https:\/\/aah.co.nl\/?page_id=777\" data-type=\"URL\" data-id=\"https:\/\/aah.co.nl\/?page_id=777\">Wandeling 7<\/a><a href=\"http:\/\/Wandeling7\" data-type=\"URL\" data-id=\"Wandeling7\"> <\/a> NOORDERAKERWEG, LIJNDEN, TUINEN VAN WEST, OSDORP , 12 km<\/p>\n\n\n\n<p class=\"has-normal-font-size\"><a href=\"https:\/\/aah.co.nl\/?page_id=812\" data-type=\"URL\" data-id=\"https:\/\/aah.co.nl\/?page_id=812\">Wandeling 8<\/a>  NOORDERAKERWEG, OUD-OSDORP, HALFWEG, GROOTE IJPOLDER, GEUZENBOS, 21 km <\/p>\n\n\n\n<p class=\"has-normal-font-size\"><a href=\"https:\/\/aah.co.nl\/?page_id=815\" data-type=\"URL\" data-id=\"https:\/\/aah.co.nl\/?page_id=815\">Wandeling 9<\/a>   NOORDERAKERWEG, RONDJE SLOTERPLAS EN -PARK, 12 km <\/p>\n\n\n\n<p class=\"has-normal-font-size\"><a href=\"https:\/\/aah.co.nl\/?page_id=836\" data-type=\"URL\" data-id=\"https:\/\/aah.co.nl\/?page_id=836\">Wandeling 10<\/a> NOORDERAKERWEG, NIEUW-SLOTEN, NIEUWE MEER, AMSTELVEENSE HEEMPARKEN, AMSTERDAMSE BOS, RINGVAART, SLOTEN, 25 km<\/p>\n\n\n\n<p><strong>Als je de hele serie (achter elkaar) hebt gedaan, gefeliciteerd! Dan heb je twee heerlijke weken vakantie gehad! Nog een keer! Het zal weer anders zijn.<\/strong><\/p>\n","protected":false},"excerpt":{"rendered":"<p>Verschenen in: Nieuwsbrief Sloten &#8211; Oud-Osdorp. Als gratis pdf&#8217;s te downloaden bij A.A. Hoogteiling, uitgever, AMSTERDAM. Kaartjes, routes, foto&#8217;s en iPad-tekeningen kunnen allemaal vrijelijk worden (her)gebruikt, wel de bron (deze webpagina) vermelden. GPX-bestanden voor navigatieapparaat of smartphone kunnen worden aangevraagd &hellip; <a href=\"https:\/\/aah.co.nl\/?page_id=617\">Lees verder <span class=\"meta-nav\">&rarr;<\/span><\/a><\/p>\n","protected":false},"author":1,"featured_media":0,"parent":708,"menu_order":0,"comment_status":"closed","ping_status":"closed","template":"","meta":{"footnotes":""},"class_list":["post-617","page","type-page","status-publish","hentry"],"_links":{"self":[{"href":"https:\/\/aah.co.nl\/index.php?rest_route=\/wp\/v2\/pages\/617","targetHints":{"allow":["GET"]}}],"collection":[{"href":"https:\/\/aah.co.nl\/index.php?rest_route=\/wp\/v2\/pages"}],"about":[{"href":"https:\/\/aah.co.nl\/index.php?rest_route=\/wp\/v2\/types\/page"}],"author":[{"embeddable":true,"href":"https:\/\/aah.co.nl\/index.php?rest_route=\/wp\/v2\/users\/1"}],"replies":[{"embeddable":true,"href":"https:\/\/aah.co.nl\/index.php?rest_route=%2Fwp%2Fv2%2Fcomments&post=617"}],"version-history":[{"count":56,"href":"https:\/\/aah.co.nl\/index.php?rest_route=\/wp\/v2\/pages\/617\/revisions"}],"predecessor-version":[{"id":1222,"href":"https:\/\/aah.co.nl\/index.php?rest_route=\/wp\/v2\/pages\/617\/revisions\/1222"}],"up":[{"embeddable":true,"href":"https:\/\/aah.co.nl\/index.php?rest_route=\/wp\/v2\/pages\/708"}],"wp:attachment":[{"href":"https:\/\/aah.co.nl\/index.php?rest_route=%2Fwp%2Fv2%2Fmedia&parent=617"}],"curies":[{"name":"wp","href":"https:\/\/api.w.org\/{rel}","templated":true}]}}